{"id":4,"date":"2012-03-17T12:49:27","date_gmt":"2012-03-17T12:49:27","guid":{"rendered":"http:\/\/reinicio.local\/?page_id=4"},"modified":"2013-06-06T19:56:02","modified_gmt":"2013-06-06T17:56:02","slug":"home","status":"publish","type":"page","link":"https:\/\/www.reinicio.net\/","title":{"rendered":"home"},"content":{"rendered":"<p style=\"text-align: left;\"><strong>Bienvenidos\/as a Reinicio. <\/strong><\/p>\n<p style=\"text-align: left;\">Somos<strong> <\/strong>una <strong>red de profesionales con la misi\u00f3n de ayudar a aut\u00f3nomos, empresas, y entidades con su comunicaci\u00f3n.<\/strong> Unimos nuestras especialidades para definir su identidad corporativa y potenciar su gesti\u00f3n.<\/p>\n<p style=\"text-align: left;\">Los casos en que trabajamos nos ense\u00f1an que <strong>mejorar la comunicaci\u00f3n, interna y externa de cualquier organizaci\u00f3n, sea cual sea su tama\u00f1o, abre posibilidades de negocio y crecimiento.<\/strong><br \/>\nNuestros clientes alcanzan sus objetivos.<\/p>\n<p style=\"text-align: left;\">Ofrecemos servicios de dise\u00f1o, desarrollo y consultor\u00eda a empresas y organizaciones.<br \/>\n<strong>Date una vuelta por nuestro sitio.<\/strong><\/p>\n","protected":false},"excerpt":{"rendered":"<p>Bienvenidos\/as a Reinicio. Somos una red de profesionales con la misi\u00f3n de ayudar a aut\u00f3nomos, empresas, y entidades con su comunicaci\u00f3n. Unimos nuestras especialidades para definir su identidad corporativa y potenciar su gesti\u00f3n. Los casos en que trabajamos nos ense\u00f1an que mejorar la comunicaci\u00f3n, interna y externa de cualquier organizaci\u00f3n, sea cual sea su tama\u00f1o, [&hellip;]<\/p>\n","protected":false},"author":2,"featured_media":0,"parent":0,"menu_order":0,"comment_status":"closed","ping_status":"closed","template":"inicio.php","meta":{"_monsterinsights_skip_tracking":false,"_monsterinsights_sitenote_active":false,"_monsterinsights_sitenote_note":"","_monsterinsights_sitenote_category":0,"footnotes":""},"class_list":["post-4","page","type-page","status-publish","hentry"],"_links":{"self":[{"href":"https:\/\/www.reinicio.net\/index.php\/wp-json\/wp\/v2\/pages\/4"}],"collection":[{"href":"https:\/\/www.reinicio.net\/index.php\/wp-json\/wp\/v2\/pages"}],"about":[{"href":"https:\/\/www.reinicio.net\/index.php\/wp-json\/wp\/v2\/types\/page"}],"author":[{"embeddable":true,"href":"https:\/\/www.reinicio.net\/index.php\/wp-json\/wp\/v2\/users\/2"}],"replies":[{"embeddable":true,"href":"https:\/\/www.reinicio.net\/index.php\/wp-json\/wp\/v2\/comments?post=4"}],"version-history":[{"count":47,"href":"https:\/\/www.reinicio.net\/index.php\/wp-json\/wp\/v2\/pages\/4\/revisions"}],"predecessor-version":[{"id":621,"href":"https:\/\/www.reinicio.net\/index.php\/wp-json\/wp\/v2\/pages\/4\/revisions\/621"}],"wp:attachment":[{"href":"https:\/\/www.reinicio.net\/index.php\/wp-json\/wp\/v2\/media?parent=4"}],"curies":[{"name":"wp","href":"https:\/\/api.w.org\/{rel}","templated":true}]}}