{"id":144,"date":"2012-04-29T19:55:25","date_gmt":"2012-04-29T19:55:25","guid":{"rendered":"http:\/\/www.reinicio.net\/?page_id=144"},"modified":"2017-06-05T19:42:29","modified_gmt":"2017-06-05T17:42:29","slug":"web","status":"publish","type":"page","link":"https:\/\/www.reinicio.net\/index.php\/trabajos\/web\/","title":{"rendered":"Web"},"content":{"rendered":"<p><span style=\"color: #666699;\">Proyectar en entornos digitales exige sumergirse en el mundo de la creatividad funcional y de la experiencia de usuario. Trabajamos en entornos multidisciplinares donde la ergonom\u00eda y el ingenio predominan sobre la tecnolog\u00eda.<\/span><\/p>\n<div class=\"separator\"><\/div>\n<div class=\"webs\">\n<h3><a href=\"https:\/\/100procentproffs.se\/\" target=\"_blank\">100% Proffs<\/a><\/h3>\n<p><a href=\"https:\/\/100procentproffs.se\/\" target=\"_blank\"><img loading=\"lazy\" decoding=\"async\" src=\"\/wp-content\/uploads\/2012\/04\/100.jpg\" alt=\"1\" width=\"400\" height=\"280\" \/><\/a><\/p>\n<p class=\"largo\">Empresa distribuidora de material de construcci\u00f3n a profesionales, su lema es \u00abEn garanterat amat\u00f6rfri bygghandel i Stockholm\u00bb = \u00abTienda de construcci\u00f3n libre de amateurs en Estocolmo\u00bb,<br \/>\ngarantizan es que cuando compras all\u00ed solo hay gente profesional, no amateur.<br \/>\nEl reto con era redise\u00f1arles una web responsive, que contuviera su contenido en redes sociales y la info de actividades que realizan en las 2 tiendas.<\/p>\n<\/div>\n<div class=\"separator\"><\/div>\n<div class=\"webs\">\n<h3><a href=\"http:\/\/www.samsungservice.se\/\" target=\"_blank\">\u200bSamsung Service<\/a><\/h3>\n<p><a href=\"http:\/\/www.samsungservice.se\/\" target=\"_blank\"><img loading=\"lazy\" decoding=\"async\" src=\"\/wp-content\/uploads\/2012\/04\/samsung.jpg\" alt=\"1\" width=\"400\" height=\"280\" \/><\/a><\/p>\n<p class=\"largo\">Empresa Partner de Samsung en toda Escandinavia, la web se dirige a conocer sus servicios, responder dudas antes de ir a reparaci\u00f3n, tienen servicio en la misma tienda.<br \/>\nDise\u00f1amos web y hacemos la direcci\u00f3n art\u00edstica de las fotos, para una una imagen de marca cercana al cliente.<\/p>\n<\/div>\n<div class=\"separator\"><\/div>\n<div class=\"webs\">\n<h3><a href=\"http:\/\/atlasmuren.se\/\" target=\"_blank\">Atlasmuren<\/a><\/h3>\n<p><a href=\"http:\/\/atlasmuren.se\/\" target=\"_blank\"><img loading=\"lazy\" decoding=\"async\" src=\"\/wp-content\/uploads\/2012\/04\/atlasmuren.jpg\" alt=\"1\" width=\"400\" height=\"280\" \/><\/a><\/p>\n<p class=\"largo\">Quisimos dar un toque de glamour a cada edificio que tienen y explicar los extras que puedes tener como empresario\/trabajador alquilar con ellos.<br \/>\nResaltamos la cercan\u00eda del Bus, Metro, gimnasio y restaurantes para ayudar al inquilino. Disponible para descarga PDF documentaci\u00f3n de las oficinas, como planos y caracter\u00edsticas.<\/p>\n<\/div>\n<div class=\"separator\"><\/div>\n<div class=\"webs\">\n<h3>Mac Freeze<\/h3>\n<p><img loading=\"lazy\" decoding=\"async\" src=\"\/wp-content\/uploads\/2012\/04\/MacFrezee.jpg\" alt=\"1\" width=\"400\" height=\"280\" \/><\/p>\n<p class=\"largo\">Empresa sueca dedicada a venta de parcelas y te construyen tambi\u00e9n la casa. Su lema es que vivir en casa propia a las afueras de Estocolmo<br \/>\ncuesta igual que vivir en un piso en el centro. El prop\u00f3sito de la web es dar a conocer sus servicios, as\u00ed como las zonas de las afueras que trabajan y las parcelas\/casas<br \/>\ndisponibles para exposici\u00f3n los siguientes fines de semana.<\/p>\n<\/div>\n<div class=\"separator\"><\/div>\n<div class=\"webs\">\n<h3><a href=\"http:\/\/www.rosol-technology.com\/\" target=\"_blank\">Rosol<\/a><\/h3>\n<p><a href=\"http:\/\/www.rosol-technology.com\/\" target=\"_blank\"><img loading=\"lazy\" decoding=\"async\" src=\"\/wp-content\/uploads\/2012\/04\/Reinicio-Web-Rosol-1.png\" alt=\"1\" width=\"400\" height=\"280\" \/><\/a><\/p>\n<p class=\"largo\">Adem\u00e1s de posicionarse como empresa referencia en su sector, uno de los objetivos de Rosol es dar formaci\u00f3n y atraer a sus vacantes a profesionales j\u00f3venes de alta cualificaci\u00f3n.<br \/>\nPreparamos para ellos una web muy visual donde la informaci\u00f3n textual se reduce a enunciados breves y muy expl\u00edcitos que pueden ser ampliados por descarga de archivos pdf. Mensajes n\u00edtidos e imagen tecnol\u00f3gica componen el sitio sugestivo que pide el cliente.<\/p>\n<\/div>\n<div class=\"separator\"><\/div>\n<div class=\"webs\">\n<h3><a href=\"http:\/\/thelaundry.es\/\" target=\"_blank\">The Laundry<\/a><\/h3>\n<p><a href=\"http:\/\/thelaundry.es\/\" target=\"_blank\"><img loading=\"lazy\" decoding=\"async\" src=\"http:\/\/www.reinicio.net\/wp-content\/uploads\/2012\/04\/TheLaundryWEB.png\" alt=\"1\" width=\"400\" height=\"280\" \/><\/a><\/p>\n<p class=\"largo\">La elecci\u00f3n de Elia \u00c1lvarez para su negocio ser la primera lavander\u00eda autom\u00e1tica que se abre en Ourense. Su posicionamiento: lavander\u00eda de excelencia, cuidado personalizado y atenci\u00f3n continua.<br \/>\nDise\u00f1amos su web desplegando en ella el servicio acogedor y de calidad que The Laundry propone y mantiene. En su blog y en las redes sociales asociadas a esta web, la relaci\u00f3n con los clientes se estrecha por medio de contenidos relacionados y dialogo continuo.<\/p>\n<\/div>\n<div class=\"separator\"><\/div>\n<div class=\"webs\">\n<h3><a href=\"http:\/\/coraops.com\/\">CORAOPS- Instituto de Coaching Ejecutivo<\/a><\/h3>\n<p><a href=\"http:\/\/coraops.com\/\"><img loading=\"lazy\" decoding=\"async\" src=\"http:\/\/www.reinicio.net\/wp-content\/uploads\/2012\/04\/CORAOPSWeb.png\" alt=\"1\" width=\"400\" height=\"275\" \/><\/a><\/p>\n<p class=\"largo\">Una de las empresas pioneras en Coaching ejecutivo en Espa\u00f1a llega a un momento natural de crecimiento. Necesita reiniciar su comunicaci\u00f3n y renovar su web para dar cabida a nuevos proyectos y una creciente comunidad de clientes y colaboradores.<br \/>\nDise\u00f1amos y programamos un portal desde el que poner en valor su m\u00e9todo, conectar con su comunidad y poder ampliar su conexi\u00f3n online con todas las partes implicadas en su negocio y actividades. El resultado es una web din\u00e1mica, fresca y con una experiencia de usuario invitadora y proactiva, que da respuesta a la demanda de quienes buscan las soluciones que el Instituto ofrece.<\/p>\n<\/div>\n<div class=\"separator\"><\/div>\n<div class=\"webs\">\n<h3><a href=\"http:\/\/www.mgncaucho.com\">MGN<\/a><\/h3>\n<p><a href=\"http:\/\/www.mgncaucho.com\"><img loading=\"lazy\" decoding=\"async\" src=\"http:\/\/www.reinicio.net\/wp-content\/uploads\/2012\/08\/Imagen-12.png\" alt=\"1\" width=\"400\" height=\"275\" \/><\/a><\/p>\n<p class=\"largo\">Acompa\u00f1amos a la empresa en su definici\u00f3n como marca de referencia en el sector del caucho para su progresiva internacionalizaci\u00f3n. Dise\u00f1amos y programamos su nueva web para humanizar la marca, poner en contacto al visitante con la enorme experiencia y saber hacer de la empresa y facilitar su despegue.<br \/>\nResultado: un portal web donde el dise\u00f1o y los contenidos hablan de t\u00fa a t\u00fa y podemos escuchar y contactar c\u00f3modamente.<\/p>\n<\/div>\n<div class=\"separator\"><\/div>\n<div class=\"webs\">\n<h3><a href=\"http:\/\/www.ciccp.es\/\">Colegio de Ingenieros de Caminos, Canales y Puertos<\/a><\/h3>\n<p><a href=\"http:\/\/www.ciccp.es\/\"><img loading=\"lazy\" decoding=\"async\" src=\"\/wp-content\/uploads\/web\/ciccp.jpg\" alt=\"1\" width=\"400\" height=\"275\" \/><\/a><\/p>\n<p class=\"largo\">Proyecto de redise\u00f1o (en proceso de implementaci\u00f3n) del portal del CICCP para ampliar sus utilidades y acercar al usuario a los valores y estructura de unos de los Colegios Profesionales m\u00e1s antiguos y de m\u00e1s solera del pa\u00eds.<\/p>\n<\/div>\n","protected":false},"excerpt":{"rendered":"<p>Proyectar en entornos digitales exige sumergirse en el mundo de la creatividad funcional y de la experiencia de usuario. Trabajamos en entornos multidisciplinares donde la ergonom\u00eda y el ingenio predominan sobre la tecnolog\u00eda. 100% Proffs Empresa distribuidora de material de construcci\u00f3n a profesionales, su lema es \u00abEn garanterat amat\u00f6rfri bygghandel i Stockholm\u00bb = \u00abTienda de [&hellip;]<\/p>\n","protected":false},"author":2,"featured_media":0,"parent":16,"menu_order":0,"comment_status":"open","ping_status":"open","template":"una-columna.php","meta":{"_monsterinsights_skip_tracking":false,"_monsterinsights_sitenote_active":false,"_monsterinsights_sitenote_note":"","_monsterinsights_sitenote_category":0,"footnotes":""},"class_list":["post-144","page","type-page","status-publish","hentry"],"_links":{"self":[{"href":"https:\/\/www.reinicio.net\/index.php\/wp-json\/wp\/v2\/pages\/144"}],"collection":[{"href":"https:\/\/www.reinicio.net\/index.php\/wp-json\/wp\/v2\/pages"}],"about":[{"href":"https:\/\/www.reinicio.net\/index.php\/wp-json\/wp\/v2\/types\/page"}],"author":[{"embeddable":true,"href":"https:\/\/www.reinicio.net\/index.php\/wp-json\/wp\/v2\/users\/2"}],"replies":[{"embeddable":true,"href":"https:\/\/www.reinicio.net\/index.php\/wp-json\/wp\/v2\/comments?post=144"}],"version-history":[{"count":41,"href":"https:\/\/www.reinicio.net\/index.php\/wp-json\/wp\/v2\/pages\/144\/revisions"}],"predecessor-version":[{"id":986,"href":"https:\/\/www.reinicio.net\/index.php\/wp-json\/wp\/v2\/pages\/144\/revisions\/986"}],"up":[{"embeddable":true,"href":"https:\/\/www.reinicio.net\/index.php\/wp-json\/wp\/v2\/pages\/16"}],"wp:attachment":[{"href":"https:\/\/www.reinicio.net\/index.php\/wp-json\/wp\/v2\/media?parent=144"}],"curies":[{"name":"wp","href":"https:\/\/api.w.org\/{rel}","templated":true}]}}