{"id":141,"date":"2012-04-29T19:54:36","date_gmt":"2012-04-29T19:54:36","guid":{"rendered":"http:\/\/www.reinicio.net\/?page_id=141"},"modified":"2015-03-20T23:25:12","modified_gmt":"2015-03-20T21:25:12","slug":"publicaciones","status":"publish","type":"page","link":"https:\/\/www.reinicio.net\/index.php\/trabajos\/publicaciones\/","title":{"rendered":"Publicaciones"},"content":{"rendered":"<p><span style=\"color: #666699;\">Nuestras publicaciones, tanto impresas como on-line, suponen un espacio de investigaci\u00f3n y documentaci\u00f3n que mantienen nuestro trabajo en continua actualizaci\u00f3n y aportan aire nuevo a nuestros clientes y sus proyectos.<\/span><\/p>\n<div class=\"separator\"><\/div>\n<h3>Gazz<\/h3>\n<p>\n    Gazz: Bajo este t\u00edtulo tan sugerente, algunos de los habituales colaboradores de REINICIO han unido fuerzas para lanzar al mercado una revista de distribuci\u00f3n gratuita, en la que reflejar sus aficiones, as\u00ed como su visi\u00f3n del dise\u00f1o aplicado a la publicaci\u00f3n peri\u00f3dica, en el contexto, esta vez, de un proyecto eminentemente personal.\n<\/p>\n<p><img loading=\"lazy\" decoding=\"async\" src=\"\/wp-content\/uploads\/publicaciones\/01.jpg\" height=\"360\" width=\"360\"> <img loading=\"lazy\" decoding=\"async\" src=\"\/wp-content\/uploads\/publicaciones\/02.jpg\" height=\"360\" width=\"360\"><br \/>\n<img loading=\"lazy\" decoding=\"async\" src=\"\/wp-content\/uploads\/publicaciones\/03.jpg\" height=\"360\" width=\"360\"> <img loading=\"lazy\" decoding=\"async\" src=\"\/wp-content\/uploads\/publicaciones\/04.jpg\" height=\"360\" width=\"360\"><br \/>\n<img loading=\"lazy\" decoding=\"async\" src=\"\/wp-content\/uploads\/publicaciones\/05.jpg\" height=\"360\" width=\"360\"> <img loading=\"lazy\" decoding=\"async\" src=\"\/wp-content\/uploads\/publicaciones\/06.jpg\" height=\"360\" width=\"360\"><br \/>\n<img loading=\"lazy\" decoding=\"async\" src=\"\/wp-content\/uploads\/publicaciones\/07.jpg\" height=\"260\" width=\"360\"> <img loading=\"lazy\" decoding=\"async\" src=\"\/wp-content\/uploads\/publicaciones\/08.jpg\" height=\"260\" width=\"360\"><br \/>\n<img loading=\"lazy\" decoding=\"async\" src=\"\/wp-content\/uploads\/publicaciones\/09.jpg\" height=\"260\" width=\"360\"> <img loading=\"lazy\" decoding=\"async\" src=\"\/wp-content\/uploads\/publicaciones\/10.jpg\" height=\"260\" width=\"360\"><br \/>\n<img loading=\"lazy\" decoding=\"async\" src=\"\/wp-content\/uploads\/publicaciones\/11.jpg\" height=\"360\" width=\"360\"><\/p>\n","protected":false},"excerpt":{"rendered":"<p>Nuestras publicaciones, tanto impresas como on-line, suponen un espacio de investigaci\u00f3n y documentaci\u00f3n que mantienen nuestro trabajo en continua actualizaci\u00f3n y aportan aire nuevo a nuestros clientes y sus proyectos. Gazz Gazz: Bajo este t\u00edtulo tan sugerente, algunos de los habituales colaboradores de REINICIO han unido fuerzas para lanzar al mercado una revista de distribuci\u00f3n [&hellip;]<\/p>\n","protected":false},"author":2,"featured_media":0,"parent":16,"menu_order":0,"comment_status":"open","ping_status":"open","template":"una-columna.php","meta":{"_monsterinsights_skip_tracking":false,"_monsterinsights_sitenote_active":false,"_monsterinsights_sitenote_note":"","_monsterinsights_sitenote_category":0,"footnotes":""},"class_list":["post-141","page","type-page","status-publish","hentry"],"_links":{"self":[{"href":"https:\/\/www.reinicio.net\/index.php\/wp-json\/wp\/v2\/pages\/141"}],"collection":[{"href":"https:\/\/www.reinicio.net\/index.php\/wp-json\/wp\/v2\/pages"}],"about":[{"href":"https:\/\/www.reinicio.net\/index.php\/wp-json\/wp\/v2\/types\/page"}],"author":[{"embeddable":true,"href":"https:\/\/www.reinicio.net\/index.php\/wp-json\/wp\/v2\/users\/2"}],"replies":[{"embeddable":true,"href":"https:\/\/www.reinicio.net\/index.php\/wp-json\/wp\/v2\/comments?post=141"}],"version-history":[{"count":5,"href":"https:\/\/www.reinicio.net\/index.php\/wp-json\/wp\/v2\/pages\/141\/revisions"}],"predecessor-version":[{"id":874,"href":"https:\/\/www.reinicio.net\/index.php\/wp-json\/wp\/v2\/pages\/141\/revisions\/874"}],"up":[{"embeddable":true,"href":"https:\/\/www.reinicio.net\/index.php\/wp-json\/wp\/v2\/pages\/16"}],"wp:attachment":[{"href":"https:\/\/www.reinicio.net\/index.php\/wp-json\/wp\/v2\/media?parent=141"}],"curies":[{"name":"wp","href":"https:\/\/api.w.org\/{rel}","templated":true}]}}