{"id":136,"date":"2012-04-29T19:53:23","date_gmt":"2012-04-29T19:53:23","guid":{"rendered":"http:\/\/www.reinicio.net\/?page_id=136"},"modified":"2015-03-20T23:22:31","modified_gmt":"2015-03-20T21:22:31","slug":"fotografia","status":"publish","type":"page","link":"https:\/\/www.reinicio.net\/index.php\/trabajos\/fotografia\/","title":{"rendered":"Fotograf\u00eda"},"content":{"rendered":"<p><span style=\"color: #666699;\">Una direcci\u00f3n de arte especializada, en cada proyecto, garantiza la m\u00e1xima calidad de nuestros trabajos fotogr\u00e1ficos: La fotograf\u00eda es, actualmente, uno de los elementos m\u00e1s importantes del dise\u00f1o gr\u00e1fico, debido a sus propiedades \u00fanicas de representaci\u00f3n de la realidad y a su alto impacto.<\/span><\/p>\n<div class=\"fotografia-separator\">&nbsp;<\/div>\n<div class=\"fotografia\">\n<h3>Consejer\u00eda de Cultura Ayuntamiento de Los Angeles, California<\/h3>\n<p>    <img loading=\"lazy\" decoding=\"async\" src=\"\/wp-content\/uploads\/fotografia\/01.jpg\" height=\"260\" width=\"360\"> <img loading=\"lazy\" decoding=\"async\" src=\"\/wp-content\/uploads\/fotografia\/02.jpg\" height=\"260\" width=\"360\">\n<\/div>\n<div class=\"fotografia-separator\">&nbsp;<\/div>\n<div class=\"fotografia-demi\">\n<div>\n<h3>Facultad de Bellas Artes, Universidad de Sevilla<\/h3>\n<p>        <img loading=\"lazy\" decoding=\"async\" src=\"\/wp-content\/uploads\/fotografia\/03.jpg\" height=\"360\" width=\"360\">\n    <\/div>\n<div>\n<h3>Liquid Assets Cellar, North Hollywood, California<\/h3>\n<p>        <img loading=\"lazy\" decoding=\"async\" src=\"\/wp-content\/uploads\/fotografia\/04.jpg\" height=\"360\" width=\"360\">\n    <\/div>\n<\/div>\n<div class=\"fotografia-separator\">&nbsp;<\/div>\n<div class=\"fotografia\">\n<h3>Festibike, Tres Cantos, Madrid<\/h3>\n<p>    <img loading=\"lazy\" decoding=\"async\" src=\"\/wp-content\/uploads\/fotografia\/05.jpg\" height=\"360\" width=\"360\"> <img loading=\"lazy\" decoding=\"async\" src=\"\/wp-content\/uploads\/fotografia\/06.jpg\" height=\"360\" width=\"360\">\n<\/div>\n<div class=\"fotografia-separator\">&nbsp;<\/div>\n<div class=\"fotografia-demi\">\n<div>\n<h3>Escuela Internacional de Cine y Television, Cuba<\/h3>\n<p>        <img loading=\"lazy\" decoding=\"async\" src=\"\/wp-content\/uploads\/fotografia\/07.jpg\" height=\"360\" width=\"360\">\n    <\/div>\n<div>\n<h3>La Fura Dels Baus<\/h3>\n<p>        <img loading=\"lazy\" decoding=\"async\" src=\"\/wp-content\/uploads\/fotografia\/08.jpg\" height=\"360\" width=\"360\">\n    <\/div>\n<\/div>\n<div class=\"fotografia-separator\">&nbsp;<\/div>\n<div class=\"fotografia\">\n<h3>Escuela Fusion Art de Patricia Passo<\/h3>\n<p>    <img loading=\"lazy\" decoding=\"async\" src=\"\/wp-content\/uploads\/fotografia\/09.jpg\" height=\"360\" width=\"360\"> <img loading=\"lazy\" decoding=\"async\" src=\"\/wp-content\/uploads\/fotografia\/10.jpg\" height=\"360\" width=\"360\">\n<\/div>\n<div class=\"fotografia-separator\">&nbsp;<\/div>\n<div class=\"fotografia-demi\">\n<div>\n<h3>Aldeasa<\/h3>\n<p>        <img loading=\"lazy\" decoding=\"async\" src=\"\/wp-content\/uploads\/fotografia\/11.jpg\" height=\"360\" width=\"360\">\n    <\/div>\n<div>\n<h3>Loewe<\/h3>\n<p>        <img loading=\"lazy\" decoding=\"async\" src=\"\/wp-content\/uploads\/fotografia\/12.jpg\" height=\"360\" width=\"360\">\n    <\/div>\n<\/div>\n<div class=\"fotografia-separator\">&nbsp;<\/div>\n<div class=\"fotografia\">\n<h3>Issey Miyake<\/h3>\n<p>    <img loading=\"lazy\" decoding=\"async\" src=\"\/wp-content\/uploads\/fotografia\/13.jpg\" height=\"360\" width=\"360\"> <img loading=\"lazy\" decoding=\"async\" src=\"\/wp-content\/uploads\/fotografia\/14.jpg\" height=\"360\" width=\"360\">\n<\/div>\n<div class=\"fotografia-separator\">&nbsp;<\/div>\n<div class=\"fotografia-demi\">\n<div>\n<h3>Adidas<\/h3>\n<p>        <img loading=\"lazy\" decoding=\"async\" src=\"\/wp-content\/uploads\/fotografia\/15.jpg\" height=\"360\" width=\"360\">\n    <\/div>\n<div>\n<h3>Absolut Vodka<\/h3>\n<p>        <img loading=\"lazy\" decoding=\"async\" src=\"\/wp-content\/uploads\/fotografia\/16.jpg\" height=\"360\" width=\"360\">\n    <\/div>\n<\/div>\n<div class=\"fotografia-separator\">&nbsp;<\/div>\n<div class=\"fotografia\">\n<h3>Cadena de restaurantes Tao<\/h3>\n<p>    <img loading=\"lazy\" decoding=\"async\" src=\"\/wp-content\/uploads\/fotografia\/17.jpg\" height=\"360\" width=\"360\"> <img loading=\"lazy\" decoding=\"async\" src=\"\/wp-content\/uploads\/fotografia\/18.jpg\" height=\"360\" width=\"360\">\n<\/div>\n<div class=\"fotografia-separator\">&nbsp;<\/div>\n<div class=\"fotografia\">\n<h3>Mc\u00b4Donalds<\/h3>\n<p>    <img loading=\"lazy\" decoding=\"async\" src=\"\/wp-content\/uploads\/fotografia\/19.jpg\" height=\"360\" width=\"360\"> <img loading=\"lazy\" decoding=\"async\" src=\"\/wp-content\/uploads\/fotografia\/20.jpg\" height=\"360\" width=\"360\"> <img loading=\"lazy\" decoding=\"async\" src=\"\/wp-content\/uploads\/fotografia\/21.jpg\" height=\"360\" width=\"360\"> <img loading=\"lazy\" decoding=\"async\" src=\"\/wp-content\/uploads\/fotografia\/22.jpg\" height=\"360\" width=\"360\">\n<\/div>\n<div class=\"fotografia-separator\">&nbsp;<\/div>\n<div class=\"fotografia\">\n<h3>Ministerio de Asuntos Sociales<\/h3>\n<p>    <img loading=\"lazy\" decoding=\"async\" src=\"\/wp-content\/uploads\/fotografia\/23.jpg\" height=\"360\" width=\"360\"> <img loading=\"lazy\" decoding=\"async\" src=\"\/wp-content\/uploads\/fotografia\/24.jpg\" height=\"360\" width=\"360\">\n<\/div>\n<div class=\"fotografia-separator\">&nbsp;<\/div>\n<div class=\"fotografia\">\n<h3>Ministerio de Fomento <\/h3>\n<p>    <img loading=\"lazy\" decoding=\"async\" src=\"\/wp-content\/uploads\/fotografia\/25.jpg\" height=\"360\" width=\"360\"> <img loading=\"lazy\" decoding=\"async\" src=\"\/wp-content\/uploads\/fotografia\/26.jpg\" height=\"360\" width=\"360\"> <img loading=\"lazy\" decoding=\"async\" src=\"\/wp-content\/uploads\/fotografia\/27.jpg\" height=\"360\" width=\"360\"> <img loading=\"lazy\" decoding=\"async\" src=\"\/wp-content\/uploads\/fotografia\/28.jpg\" height=\"360\" width=\"360\">\n<\/div>\n<div class=\"fotografia-separator\">&nbsp;<\/div>\n<div class=\"fotografia-demi\">\n<div>\n<h3>Musgo<\/h3>\n<p>        <img loading=\"lazy\" decoding=\"async\" src=\"\/wp-content\/uploads\/fotografia\/29.jpg\" height=\"360\" width=\"360\">\n    <\/div>\n<div>\n<h3>Paradores Nacionales<\/h3>\n<p>        <img loading=\"lazy\" decoding=\"async\" src=\"\/wp-content\/uploads\/fotografia\/30.jpg\" height=\"360\" width=\"360\">\n    <\/div>\n<\/div>\n<div class=\"fotografia-separator\">&nbsp;<\/div>\n<div class=\"fotografia\">\n<h3>Real Sociedad F.C.<\/h3>\n<p>    <img loading=\"lazy\" decoding=\"async\" src=\"\/wp-content\/uploads\/fotografia\/31.jpg\" height=\"360\" width=\"360\"> <img loading=\"lazy\" decoding=\"async\" src=\"\/wp-content\/uploads\/fotografia\/32.jpg\" height=\"360\" width=\"360\">\n<\/div>\n<div class=\"fotografia-separator\">&nbsp;<\/div>\n<div class=\"fotografia\">\n<h3>Telva<\/h3>\n<p>    <img loading=\"lazy\" decoding=\"async\" src=\"\/wp-content\/uploads\/fotografia\/33.jpg\" height=\"360\" width=\"360\"> <img loading=\"lazy\" decoding=\"async\" src=\"\/wp-content\/uploads\/fotografia\/34.jpg\" height=\"360\" width=\"360\">\n<\/div>\n","protected":false},"excerpt":{"rendered":"<p>Una direcci\u00f3n de arte especializada, en cada proyecto, garantiza la m\u00e1xima calidad de nuestros trabajos fotogr\u00e1ficos: La fotograf\u00eda es, actualmente, uno de los elementos m\u00e1s importantes del dise\u00f1o gr\u00e1fico, debido a sus propiedades \u00fanicas de representaci\u00f3n de la realidad y a su alto impacto. &nbsp; Consejer\u00eda de Cultura Ayuntamiento de Los Angeles, California &nbsp; Facultad [&hellip;]<\/p>\n","protected":false},"author":2,"featured_media":0,"parent":16,"menu_order":0,"comment_status":"open","ping_status":"open","template":"una-columna.php","meta":{"_monsterinsights_skip_tracking":false,"_monsterinsights_sitenote_active":false,"_monsterinsights_sitenote_note":"","_monsterinsights_sitenote_category":0,"footnotes":""},"class_list":["post-136","page","type-page","status-publish","hentry"],"_links":{"self":[{"href":"https:\/\/www.reinicio.net\/index.php\/wp-json\/wp\/v2\/pages\/136"}],"collection":[{"href":"https:\/\/www.reinicio.net\/index.php\/wp-json\/wp\/v2\/pages"}],"about":[{"href":"https:\/\/www.reinicio.net\/index.php\/wp-json\/wp\/v2\/types\/page"}],"author":[{"embeddable":true,"href":"https:\/\/www.reinicio.net\/index.php\/wp-json\/wp\/v2\/users\/2"}],"replies":[{"embeddable":true,"href":"https:\/\/www.reinicio.net\/index.php\/wp-json\/wp\/v2\/comments?post=136"}],"version-history":[{"count":6,"href":"https:\/\/www.reinicio.net\/index.php\/wp-json\/wp\/v2\/pages\/136\/revisions"}],"predecessor-version":[{"id":872,"href":"https:\/\/www.reinicio.net\/index.php\/wp-json\/wp\/v2\/pages\/136\/revisions\/872"}],"up":[{"embeddable":true,"href":"https:\/\/www.reinicio.net\/index.php\/wp-json\/wp\/v2\/pages\/16"}],"wp:attachment":[{"href":"https:\/\/www.reinicio.net\/index.php\/wp-json\/wp\/v2\/media?parent=136"}],"curies":[{"name":"wp","href":"https:\/\/api.w.org\/{rel}","templated":true}]}}