{"id":134,"date":"2012-04-29T19:53:00","date_gmt":"2012-04-29T19:53:00","guid":{"rendered":"http:\/\/www.reinicio.net\/?page_id=134"},"modified":"2015-10-07T13:08:56","modified_gmt":"2015-10-07T11:08:56","slug":"editorial","status":"publish","type":"page","link":"https:\/\/www.reinicio.net\/index.php\/trabajos\/editorial\/","title":{"rendered":"Editorial"},"content":{"rendered":"<p><span style=\"color: #666699;\">En dise\u00f1o editorial, el contenido define el dise\u00f1o a realizar; este tipo de dise\u00f1o es, por tanto, altamente especializado y minucioso. Los libros son productos dise\u00f1ados para que permanezcan.<\/span><\/p>\n<div class=\"separator\"><\/div>\n<div class=\"edito\">\n<h3>El Ingenio en el Agua &#8211; Colegio de Ingenieros de Caminos, Canales y Puertos.<\/h3>\n<p><img decoding=\"async\" src=\"\/wp-content\/uploads\/editorial\/01.jpg\" alt=\"editorial\" \/><\/p>\n<p class=\"editorial\">En 2008, el Colegio se posiciona activamente a favor de la gesti\u00f3n sostenible del agua. Dentro de sus propuestas, figura la edici\u00f3n de este libro, un repaso de la historia de la ingenier\u00eda desde el punto de vista del uso social del agua. Para ello, elaboramos un estilo visual directo y accesible, en el que textos, ilustraciones y fotos componen un conjunto atractivo y pedag\u00f3gico que divulga la actividad de los ingenieros del agua, a lo largo de la Historia.<\/p>\n<\/div>\n<div class=\"ilustracion-separator\"><\/div>\n<div class=\"edito\">\n<h3>BP &#8211; Parajes Naturales<\/h3>\n<p><img loading=\"lazy\" decoding=\"async\" src=\"\/wp-content\/uploads\/editorial\/02.jpg\" alt=\"\" width=\"360\" height=\"360\" \/> <img loading=\"lazy\" decoding=\"async\" src=\"\/wp-content\/uploads\/editorial\/04b.jpg\" alt=\"\" width=\"360\" height=\"360\" \/><\/p>\n<p class=\"editorial\">BP es pionera en Investigaci\u00f3n y Desarrollo de nuevas energ\u00edas, m\u00e1s sostenibles que los hidrocarburos. La gu\u00eda de Parajes Naturales impulsa y complementa su compromiso con el medio ambiente.<\/p>\n<\/div>\n<div class=\"ilustracion-separator\"><\/div>\n<div class=\"edito\">\n<div class=\"edito-semi\">\n<h3>El cartel de cine cubano<\/h3>\n<p><img loading=\"lazy\" decoding=\"async\" src=\"\/wp-content\/uploads\/editorial\/03.jpg\" alt=\"\" width=\"277\" height=\"273\" \/><\/p>\n<p class=\"editorial\">Editado en 2002 Editorial El Gran Ca\u00edd.<br \/>\nUna obra sobre los mejores cartelistas cubanos. Editado en Espa\u00f1ol\/Ingl\u00e9s.<br \/>\nPortada y p\u00e1ginas interiores.<\/p>\n<\/div>\n<div class=\"edito-semi\">\n<h3>As\u00ed es Madrid en el Cine<\/h3>\n<p><img loading=\"lazy\" decoding=\"async\" src=\"\/wp-content\/uploads\/editorial\/04.jpg\" alt=\"\" width=\"294\" height=\"259\" \/><\/p>\n<p class=\"editorial\">Editado en 2009 Libro para la exposici\u00f3n As\u00ed es Madrid en el Cine. MuseosdeMadrid Arte Contemporaneo.<br \/>\nPortada y p\u00e1ginas interiores<\/p>\n<\/div>\n<\/div>\n<div class=\"ilustracion-separator\"><\/div>\n<div class=\"edito\">\n<h3>Cornejo. 90 a\u00f1os vistiendo al cine.<\/h3>\n<p><img decoding=\"async\" src=\"\/wp-content\/uploads\/editorial\/05.jpg\" alt=\"editorial\" \/><\/p>\n<p class=\"editorial\">Editado en 2010 Editorial El Gran Ca\u00edd<br \/>\nLibro para la prestigiosa empresa de alquiler de vestuario para el cine\/TV.<br \/>\nPortada y p\u00e1ginas interiores<\/p>\n<\/div>\n<div class=\"ilustracion-separator\"><\/div>\n<div class=\"edito\">\n<div class=\"edito-semi\">\n<h3>Carteles para una noche sin cine.<\/h3>\n<p><img loading=\"lazy\" decoding=\"async\" src=\"\/wp-content\/uploads\/editorial\/06.jpg\" alt=\"\" width=\"277\" height=\"273\" \/><\/p>\n<p class=\"editorial\">Editado en 2006. Un bonito libro de cine sobre los mejores carteles Cinematogr\u00e1ficos.<br \/>\nPortada y p\u00e1ginas interiores.<\/p>\n<\/div>\n<div class=\"edito-semi\">\n<h3>AGR Coleccionistas de cine.<\/h3>\n<p><img loading=\"lazy\" decoding=\"async\" src=\"\/wp-content\/uploads\/editorial\/07.jpg\" alt=\"\" width=\"294\" height=\"259\" \/><\/p>\n<p class=\"editorial\">1999\/2010. Revista trimestral para los apasionados por el S\u00e9ptimo Arte<\/p>\n<\/div>\n<\/div>\n<div class=\"ilustracion-separator\"><\/div>\n<div class=\"edito\">\n<h3>Las fotograf\u00edas pintadas de Carlos Saura.<\/h3>\n<p><img decoding=\"async\" src=\"\/wp-content\/uploads\/editorial\/08.jpg\" alt=\"editorial\" \/><\/p>\n<p class=\"editorial\">Editado en 2005<br \/>\nFotograf\u00edas de Saura y pintadas por \u00e9l. Editado en Espa\u00f1ol\/Ingl\u00e9s.<br \/>\nPortada y p\u00e1ginas interiores.<\/p>\n<\/div>\n<div class=\"ilustracion-separator\"><\/div>\n<div class=\"edito\">\n<h3>Las estrellas del cine espa\u00f1ol vistas por Jano.<\/h3>\n<p><img decoding=\"async\" src=\"\/wp-content\/uploads\/editorial\/09.jpg\" alt=\"editorial\" \/><\/p>\n<p class=\"editorial\">Editado en 2005<br \/>\nSerie de 102 dibujos dise\u00f1ados por Jano para Enrique Cerezo Torres.<br \/>\nEGEDA<\/p>\n<\/div>\n<div class=\"ilustracion-separator\"><\/div>\n<div class=\"edito\"><\/div>\n","protected":false},"excerpt":{"rendered":"<p>En dise\u00f1o editorial, el contenido define el dise\u00f1o a realizar; este tipo de dise\u00f1o es, por tanto, altamente especializado y minucioso. Los libros son productos dise\u00f1ados para que permanezcan. El Ingenio en el Agua &#8211; Colegio de Ingenieros de Caminos, Canales y Puertos. En 2008, el Colegio se posiciona activamente a favor de la gesti\u00f3n [&hellip;]<\/p>\n","protected":false},"author":2,"featured_media":0,"parent":16,"menu_order":0,"comment_status":"open","ping_status":"open","template":"una-columna.php","meta":{"_monsterinsights_skip_tracking":false,"_monsterinsights_sitenote_active":false,"_monsterinsights_sitenote_note":"","_monsterinsights_sitenote_category":0,"footnotes":""},"class_list":["post-134","page","type-page","status-publish","hentry"],"_links":{"self":[{"href":"https:\/\/www.reinicio.net\/index.php\/wp-json\/wp\/v2\/pages\/134"}],"collection":[{"href":"https:\/\/www.reinicio.net\/index.php\/wp-json\/wp\/v2\/pages"}],"about":[{"href":"https:\/\/www.reinicio.net\/index.php\/wp-json\/wp\/v2\/types\/page"}],"author":[{"embeddable":true,"href":"https:\/\/www.reinicio.net\/index.php\/wp-json\/wp\/v2\/users\/2"}],"replies":[{"embeddable":true,"href":"https:\/\/www.reinicio.net\/index.php\/wp-json\/wp\/v2\/comments?post=134"}],"version-history":[{"count":9,"href":"https:\/\/www.reinicio.net\/index.php\/wp-json\/wp\/v2\/pages\/134\/revisions"}],"predecessor-version":[{"id":961,"href":"https:\/\/www.reinicio.net\/index.php\/wp-json\/wp\/v2\/pages\/134\/revisions\/961"}],"up":[{"embeddable":true,"href":"https:\/\/www.reinicio.net\/index.php\/wp-json\/wp\/v2\/pages\/16"}],"wp:attachment":[{"href":"https:\/\/www.reinicio.net\/index.php\/wp-json\/wp\/v2\/media?parent=134"}],"curies":[{"name":"wp","href":"https:\/\/api.w.org\/{rel}","templated":true}]}}